{"id":2623,"date":"2025-10-12T18:28:07","date_gmt":"2025-10-12T16:28:07","guid":{"rendered":"https:\/\/www.asv-schierstein.de\/?page_id=2623"},"modified":"2026-03-15T21:31:38","modified_gmt":"2026-03-15T19:31:38","slug":"geschichte-2","status":"publish","type":"page","link":"https:\/\/www.asv-schierstein.de\/?page_id=2623","title":{"rendered":"Geschichte"},"content":{"rendered":"\n<p class=\"has-black-color has-text-color has-link-color wp-elements-ec5f5af4985586538ce1564d5156cb98\" style=\"font-size:20px\"><strong><em>Aus dem Verein<\/em><\/strong><\/p>\n\n\n\n<p class=\"has-black-color has-text-color has-link-color wp-elements-be7d4b70d00b1d38e9592f1551191642\" style=\"font-size:20px\"><em>Der Angelsportverein Schierstein 1978 e.V. wurde am 27.10.1978 von 12 gleich gesinnten Sportfreunden in der Gastst\u00e4tte \u201eZum Anker\u201c gegr\u00fcndet.<\/em><\/p>\n\n\n\n<p class=\"has-black-color has-text-color has-link-color wp-elements-d1a6985ee1cb47105d105e2737ca85ce\" style=\"font-size:20px\"><em>In der Folgezeit standen dem Verein au\u00dfer der \u201egr\u00fcnen Wiese\u201c keinerlei R\u00e4umlichkeiten zur Verf\u00fcgung. Man behalf sich eben so gut man konnte und verbrachte viel Zeit am Wasser.&nbsp;Die besondere Verbundenheit zur Natur, zum Element Wasser und zur Umwelt lie\u00df fr\u00fch den Entschluss reifen, etwas f\u00fcr die Sauberkeit unseres Angelgew\u00e4sser dem Rhein zu tun. So entschloss man sich schon im Jahr 1979 dazu, eine Hafenreinigung durchzuf\u00fchren. Diese Hafenreinigung, die sich in der Regel auf die Uferbereiche des Osthafens bezog, ist immer noch fester Bestandteil im j\u00e4hrlichen Terminkalender.<\/em><\/p>\n\n\n\n<p class=\"has-black-color has-text-color has-link-color wp-elements-567a91845676f126eb26af5a1d1258a3\" style=\"font-size:20px\"><em>Im Jahr 1985 gelang des dem damaligen Vorstand von der Stadt Wiesbaden ein Brachgel\u00e4nde direkt am Osthafenbecken neben dem Raiffeisenwerk zu pachten. In der Folgezeit erfolgte die Befriedung des Gel\u00e4ndes. Der Verein war bis dahin auf 190 Mitglieder angewachsen. Unsere aktiven Angler setzten sich aus 30 Jugendlichen, 30 Frauen und 50 M\u00e4nnern starken Mannschaft zusammen. Sportlich waren wir auf dem H\u00f6hepunkt, hatten aber immer noch kein \u201eDach \u00fcber dem Kopf\u201c.<\/em><\/p>\n\n\n\n<p class=\"has-black-color has-text-color has-link-color wp-elements-553a5a55c109751be951839843b0c1ca\" style=\"font-size:20px\"><em>Nach Erstellung eines Fl\u00e4chengestaltungsplans und Genehmigung entsprechender Bauantr\u00e4ge gelang es im Jahre 1985 schlie\u00dflich, eine gr\u00f6\u00dfere Baubaracke zu erwerben und auf dem Gel\u00e4nde zu errichten.<\/em><\/p>\n\n\n\n<p class=\"has-black-color has-text-color has-link-color wp-elements-d53874d5e88612240973e63c22d4f56f\" style=\"font-size:20px\"><em>Das Vereinsheim war fertig. Aber was ist mit den Folgekosten? Hier\u00fcber machte man sich nur wenig Gedanken. Allein durch Mitgliedsbeitr\u00e4ge waren diese nicht zu begleichen. Also bewarb man sich um einen Stand auf dem j\u00e4hrlichen Hafenfest und der Schiersteiner Kerb. Der Verein ist seitdem regelm\u00e4\u00dfig mit einem Getr\u00e4nkestand auf dem Hafenfest und auf der Kerb zus\u00e4tzlich noch mit einem Fischbr\u00f6tchenstand, wo auch frisch ger\u00e4ucherte Forellen gereicht werden, vertreten. Abgerundet werden die j\u00e4hrlichen Veranstaltungen durch zwei bis drei R\u00e4ucherfeste, die im Vereinsheim stattfinden.&nbsp;<\/em><\/p>\n\n\n\n<p class=\"has-black-color has-text-color has-link-color wp-elements-be779c2db579ea51d359488a4085f4a4\" style=\"font-size:20px\"><em>Das Dach \u00fcber dem Kopf war da; es fehlte jedoch noch der Innenausbau. Da man auch eine Konzession f\u00fcr eine Schankwirtschaft beantragt hatte, gestaltete sich der Ausbau nicht zur umfangreicher als geplant, es musste auch das gesamte bis dahin vorhandene Vereinsverm\u00f6gen eingebracht werden. Nur Dank zahlreicher Spenden von Privatpersonen, der Stadt und dem Ortsverband konnte man den Ausbau in der Folgezeit zeitnah beenden.<\/em><\/p>\n\n\n\n<p class=\"has-black-color has-text-color has-link-color wp-elements-0c9116288648a86ba59e67dbe43ef175\" style=\"font-size:20px\"><em>F\u00fcr die aktiven Angler werden regelm\u00e4\u00dfig 9 Hegefischen im Jahr durchgef\u00fchrt. Abgerundet wird das sportliche Geschehen durch ein im Osthafen durchgef\u00fchrtes Hegefischen zur Ermittlung des \u201eK\u00f6nigsfischer\u201c. Daneben nehmen einige Aktive an Hegefischen von befreundeten Angelvereinen teil. Neben der K\u00f6nigskette vergibt der Verein einen Wanderpokal f\u00fcr den Angler mit dem schwersten Fisch des Jahres.<\/em><\/p>\n\n\n\n<p style=\"font-size:20px\"><\/p>\n","protected":false},"excerpt":{"rendered":"<p>Aus dem Verein Der Angelsportverein Schierstein 1978 e.V. wurde am 27.10.1978 von 12 gleich gesinnten [&hellip;]<\/p>\n","protected":false},"author":5,"featured_media":0,"parent":0,"menu_order":0,"comment_status":"closed","ping_status":"closed","template":"","meta":{"footnotes":""},"class_list":["post-2623","page","type-page","status-publish","hentry"],"_links":{"self":[{"href":"https:\/\/www.asv-schierstein.de\/index.php?rest_route=\/wp\/v2\/pages\/2623","targetHints":{"allow":["GET"]}}],"collection":[{"href":"https:\/\/www.asv-schierstein.de\/index.php?rest_route=\/wp\/v2\/pages"}],"about":[{"href":"https:\/\/www.asv-schierstein.de\/index.php?rest_route=\/wp\/v2\/types\/page"}],"author":[{"embeddable":true,"href":"https:\/\/www.asv-schierstein.de\/index.php?rest_route=\/wp\/v2\/users\/5"}],"replies":[{"embeddable":true,"href":"https:\/\/www.asv-schierstein.de\/index.php?rest_route=%2Fwp%2Fv2%2Fcomments&post=2623"}],"version-history":[{"count":8,"href":"https:\/\/www.asv-schierstein.de\/index.php?rest_route=\/wp\/v2\/pages\/2623\/revisions"}],"predecessor-version":[{"id":2980,"href":"https:\/\/www.asv-schierstein.de\/index.php?rest_route=\/wp\/v2\/pages\/2623\/revisions\/2980"}],"wp:attachment":[{"href":"https:\/\/www.asv-schierstein.de\/index.php?rest_route=%2Fwp%2Fv2%2Fmedia&parent=2623"}],"curies":[{"name":"wp","href":"https:\/\/api.w.org\/{rel}","templated":true}]}}