{"id":3001,"date":"2026-03-15T22:48:06","date_gmt":"2026-03-15T20:48:06","guid":{"rendered":"https:\/\/www.asv-schierstein.de\/?page_id=3001"},"modified":"2026-03-15T22:49:52","modified_gmt":"2026-03-15T20:49:52","slug":"links-und-downloads","status":"publish","type":"page","link":"https:\/\/www.asv-schierstein.de\/?page_id=3001","title":{"rendered":"Links und Downloads"},"content":{"rendered":"\n<p class=\"has-black-color has-text-color has-link-color wp-elements-c608be341aa7069fba4ee766d3509230\" style=\"font-size:20px\">Alles rund ums Angeln, <br \/>Kurse zur Fischerpr\u00fcfung und Angelger\u00e4te.<\/p>\n\n\n\n<div class=\"wp-block-buttons alignwide is-vertical is-content-justification-center is-layout-flex wp-container-core-buttons-is-layout-89113c13 wp-block-buttons-is-layout-flex\">\n<div class=\"wp-block-button has-custom-width wp-block-button__width-100 is-style-outline is-style-outline--1\"><a class=\"wp-block-button__link has-brown-color has-very-light-gray-to-cyan-bluish-gray-gradient-background has-text-color has-background has-link-color has-regular-font-size has-custom-font-size wp-element-button\" style=\"border-top-left-radius:0px;border-top-right-radius:0px;border-bottom-left-radius:0px;border-bottom-right-radius:0px\">Fishing King<\/a><\/div>\n<\/div>\n\n\n\n<p class=\"has-black-color has-text-color has-link-color wp-elements-d4a9fb8dc23f2fe2a6404c81ec3760cf\" style=\"font-size:20px\">Deutschlandweite Gew\u00e4ssererlaubniskarten.<\/p>\n\n\n\n<div class=\"wp-block-buttons alignwide is-content-justification-center is-layout-flex wp-container-core-buttons-is-layout-16018d1d wp-block-buttons-is-layout-flex\">\n<div class=\"wp-block-button has-custom-width wp-block-button__width-100 is-style-outline is-style-outline--2\"><a class=\"wp-block-button__link has-brown-color has-very-light-gray-to-cyan-bluish-gray-gradient-background has-text-color has-background has-link-color has-regular-font-size has-custom-font-size wp-element-button\" href=\"https:\/\/www.hejfish.com\/\" style=\"border-top-left-radius:0px;border-top-right-radius:0px;border-bottom-left-radius:0px;border-bottom-right-radius:0px\">Hejfish<\/a><\/div>\n<\/div>\n\n\n\n<p class=\"has-black-color has-text-color has-link-color wp-elements-25906bff83e148d3a7cd357dc3020556\" style=\"font-size:20px\">Kurse, Angelkarten, Jugendfreizeiten<\/p>\n\n\n\n<div class=\"wp-block-buttons alignwide is-content-justification-center is-layout-flex wp-container-core-buttons-is-layout-16018d1d wp-block-buttons-is-layout-flex\">\n<div class=\"wp-block-button has-custom-width wp-block-button__width-100 is-style-outline is-style-outline--3\"><a class=\"wp-block-button__link has-brown-color has-very-light-gray-to-cyan-bluish-gray-gradient-background has-text-color has-background has-link-color has-regular-font-size has-custom-font-size wp-element-button\" href=\"https:\/\/hessenfischer.net\/\" style=\"border-top-left-radius:0px;border-top-right-radius:0px;border-bottom-left-radius:0px;border-bottom-right-radius:0px\">VHF &#8211; Verband Hessischer Fischer<\/a><\/div>\n<\/div>\n\n\n\n<p class=\"has-black-color has-text-color has-link-color wp-elements-004b266ae918ea0395aa297cab7149d9\" style=\"font-size:20px\">Gew\u00e4sser entdecken und Fangmeldung.<\/p>\n\n\n\n<div class=\"wp-block-buttons alignfull is-content-justification-center is-layout-flex wp-container-core-buttons-is-layout-51f7783f wp-block-buttons-is-layout-flex\">\n<div class=\"wp-block-button has-custom-width wp-block-button__width-100 is-style-outline is-style-outline--4\"><a class=\"wp-block-button__link has-brown-color has-very-light-gray-to-cyan-bluish-gray-gradient-background has-text-color has-background has-link-color has-regular-font-size has-custom-font-size wp-element-button\" href=\"https:\/\/www.alleangeln.de\/app\/\" style=\"border-top-left-radius:0px;border-top-right-radius:0px;border-bottom-left-radius:0px;border-bottom-right-radius:0px\">Alle Angeln<\/a><\/div>\n<\/div>\n\n\n\n<p class=\"has-black-color has-text-color has-link-color wp-elements-80be458debab211b4b05716269d1ad9a\" style=\"font-size:20px\">Fischereiliche Regelung Hessischer Rhein.<\/p>\n\n\n\n<div class=\"wp-block-buttons alignwide is-content-justification-center is-layout-flex wp-container-core-buttons-is-layout-16018d1d wp-block-buttons-is-layout-flex\">\n<div class=\"wp-block-button has-custom-width wp-block-button__width-100 is-style-outline is-style-outline--5\"><a class=\"wp-block-button__link has-brown-color has-very-light-gray-to-cyan-bluish-gray-gradient-background has-text-color has-background has-link-color has-regular-font-size has-custom-font-size wp-element-button\" href=\"https:\/\/schatzinsel-kuehkopf.hessen.de\/sites\/schatzinsel-kuehkopf.hessen.de\/files\/2025-01\/fischereiliche_regelungen_fuer_die_fischereierlaubnis_am_rhein_2025.pdf\" style=\"border-top-left-radius:0px;border-top-right-radius:0px;border-bottom-left-radius:0px;border-bottom-right-radius:0px\">Hessisches Ministerium<\/a><\/div>\n<\/div>\n","protected":false},"excerpt":{"rendered":"<p>Alles rund ums Angeln, Kurse zur Fischerpr\u00fcfung und Angelger\u00e4te. Deutschlandweite Gew\u00e4ssererlaubniskarten. Kurse, Angelkarten, Jugendfreizeiten Gew\u00e4sser [&hellip;]<\/p>\n","protected":false},"author":5,"featured_media":0,"parent":0,"menu_order":0,"comment_status":"closed","ping_status":"closed","template":"","meta":{"footnotes":""},"class_list":["post-3001","page","type-page","status-publish","hentry"],"_links":{"self":[{"href":"https:\/\/www.asv-schierstein.de\/index.php?rest_route=\/wp\/v2\/pages\/3001","targetHints":{"allow":["GET"]}}],"collection":[{"href":"https:\/\/www.asv-schierstein.de\/index.php?rest_route=\/wp\/v2\/pages"}],"about":[{"href":"https:\/\/www.asv-schierstein.de\/index.php?rest_route=\/wp\/v2\/types\/page"}],"author":[{"embeddable":true,"href":"https:\/\/www.asv-schierstein.de\/index.php?rest_route=\/wp\/v2\/users\/5"}],"replies":[{"embeddable":true,"href":"https:\/\/www.asv-schierstein.de\/index.php?rest_route=%2Fwp%2Fv2%2Fcomments&post=3001"}],"version-history":[{"count":2,"href":"https:\/\/www.asv-schierstein.de\/index.php?rest_route=\/wp\/v2\/pages\/3001\/revisions"}],"predecessor-version":[{"id":3006,"href":"https:\/\/www.asv-schierstein.de\/index.php?rest_route=\/wp\/v2\/pages\/3001\/revisions\/3006"}],"wp:attachment":[{"href":"https:\/\/www.asv-schierstein.de\/index.php?rest_route=%2Fwp%2Fv2%2Fmedia&parent=3001"}],"curies":[{"name":"wp","href":"https:\/\/api.w.org\/{rel}","templated":true}]}}