{"id":3007,"date":"2026-03-15T23:03:14","date_gmt":"2026-03-15T21:03:14","guid":{"rendered":"https:\/\/www.asv-schierstein.de\/?page_id=3007"},"modified":"2026-03-17T05:49:15","modified_gmt":"2026-03-17T03:49:15","slug":"angelscheine","status":"publish","type":"page","link":"https:\/\/www.asv-schierstein.de\/?page_id=3007","title":{"rendered":"Angelerlaubnis"},"content":{"rendered":"\n<p class=\"has-black-color has-text-color has-link-color wp-elements-526ac5e1308ac14c1558e371a843f88a\" style=\"font-size:20px\"><mark style=\"background-color:rgba(0, 0, 0, 0)\" class=\"has-inline-color has-black-color\"><strong>Fischereischein<\/strong> \/ <strong>Angelschein<\/strong><\/mark><\/p>\n\n\n\n<p class=\"has-black-color has-text-color has-link-color wp-elements-73eaab3690f27771fc297101aca28ae3\" style=\"font-size:20px\">Wer die Fischerei aus\u00fcben m\u00f6chte, ben\u00f6tigt einen Fischereischein. Voraussetzung ist die erfolgreich bestandene Staatliche Fischerpr\u00fcfung. Informationen \u00fcber die Vorbereitungslehrg\u00e4nge und Termine finden Sie auf der Homepage vom Verband Hessischer Fischer.<\/p>\n\n\n\n<p class=\"has-black-color has-text-color has-link-color wp-elements-c0c70fd2a8d07c3966066f4ffb56c1cb\" style=\"font-size:20px\">Es gibt folgende Fischereischeine:<\/p>\n\n\n\n<ul style=\"font-size:20px\" class=\"wp-block-list has-black-color has-text-color has-link-color wp-elements-10b086c7b9c72129ee6bda2dc1121ea0\">\n<li>Der Jahresfischereischein gilt ein Jahr und kann viermal verl\u00e4ngert werden.<\/li>\n\n\n\n<li>Der F\u00fcnfjahres-Fischereischein gilt f\u00fcnf Jahre und kann viermal um f\u00fcnf Jahre verl\u00e4ngert werden, danach ist eine Neuausstellung erforderlich.<\/li>\n\n\n\n<li>Der Zehnjahres-Fischereischein gilt zehn Jahre und kann einmal um zehn Jahre verl\u00e4ngert werden.<\/li>\n<\/ul>\n\n\n\n<p><\/p>\n\n\n\n<p class=\"has-black-color has-text-color has-link-color wp-elements-60652cab0c1f5830e467633d84660ee5\" style=\"font-size:20px\"><strong>F\u00fcr Jugendliche ab zehn Jahren:<\/strong><\/p>\n\n\n\n<ul style=\"font-size:20px\" class=\"wp-block-list\">\n<li class=\"has-black-color has-text-color has-link-color wp-elements-c2f61dbffad9c9509bfdaf6b7df422ab\">Der Jugendjahres-Fischereischeine (bis 15 Jahre) gilt ein Jahr und kann nicht verl\u00e4ngert werden.<\/li>\n\n\n\n<li class=\"has-black-color has-text-color has-link-color wp-elements-3746ff0b7174a225c8219ec853258d20\">Der Jugend-Vierjahres-Fischereischeine (bis zum Tag vor dem 16. Geburtstag).<\/li>\n<\/ul>\n\n\n\n<p class=\"has-black-color has-text-color has-link-color wp-elements-cba3c10d68a51ca7a5f228dfb244adab\" style=\"font-size:20px\">F\u00fcr den Jugendfischereischein ist vom zehnten bis 16. Lebensjahr keine Pr\u00fcfung erforderlich.<\/p>\n\n\n\n<p class=\"has-black-color has-text-color has-link-color wp-elements-58e6c0f55b364319bc05cc7a3916a051\" style=\"font-size:20px\">Am Rhein darf grunds\u00e4tzlich nur mit einem g\u00fcltigen Fischerei-Erlaubnisschein geangelt werden. Gew\u00e4sserkarten finden Sie unter <a href=\"https:\/\/www.asv-schierstein.de\/?page_id=3001\" data-type=\"page\" data-id=\"3001\">Links und Downloads<\/a>.<br \/><br \/><strong>Verlust Fischereischein<\/strong><\/p>\n\n\n\n<p class=\"has-black-color has-text-color has-link-color wp-elements-3ca701eb1a6f2eadcaab068835932ae8\" style=\"font-size:20px\">Bei Verlust oder Unleserlichkeit des Fischereischeins k\u00f6nnen Sie einen Ersatz-Fischereischein beantragen. Der Ersatzfischereischein wird entsprechend dem Zeitraum ausgestellt wie der verlorene Fischereischein ausgestellt. F\u00fcr die Ersatzausstellung wird lediglich die Geb\u00fchr erhoben, die Abgabe f\u00e4llt nicht erneut an.<\/p>\n\n\n\n<p class=\"has-black-color has-text-color has-link-color wp-elements-4d00d621c92dedcbfc80cb1838659245\" style=\"font-size:20px\"><strong>Umschreiben Fischereischein<\/strong><\/p>\n\n\n\n<p class=\"has-black-color has-text-color has-link-color wp-elements-5b6ccd95b3ccd39f6661698821df3c42\" style=\"font-size:20px\">\u00a7 26 Hessisches Fischereigesetz<\/p>\n\n\n\n<p class=\"has-black-color has-text-color has-link-color wp-elements-9521afbfff1636bf9787e7d4cd13b43f\" style=\"font-size:20px\"><strong>Fischerpr\u00fcfung<\/strong><\/p>\n\n\n\n<p class=\"has-black-color has-text-color has-link-color wp-elements-4cc1e75edbecfff519db805f12a5ce09\" style=\"font-size:20px\">Die oberste Fischereibeh\u00f6rde erkennt die staatlichen oder staatlich anerkannten Fischerpr\u00fcfungen anderer Bundesl\u00e4nder an, wenn die Voraussetzungen, unter denen in anderen L\u00e4ndern die Fischerpr\u00fcfung abgelegt wird, den Vorgaben dieses Gesetzes und der hierauf beruhenden Rechtsvorschriften entsprechen.<\/p>\n\n\n\n<p class=\"has-black-color has-text-color has-link-color wp-elements-a2f87dad82a069cc82207d3062a6757c\" style=\"font-size:20px\"><strong><mark style=\"background-color:rgba(0, 0, 0, 0)\" class=\"has-inline-color has-black-color\">Gew\u00e4ssererlaubniskarte<\/mark><\/strong><\/p>\n\n\n\n<p class=\"has-black-color has-text-color has-link-color wp-elements-0d2a5be3df956e83abad5892d59320a2\" style=\"font-size:20px\">Jedes zu befischende Gew\u00e4sser ben\u00f6tigt zu dem Fischereischein eine Gew\u00e4ssererlaubniskarte.<br \/><br \/><strong>Die Angelkarte, oft auch (Fischerei-)Erlaubnisschein, genannt, ist die Bewilligung, an einem bestimmten Gew\u00e4sser angeln zu d\u00fcrfen<\/strong>. <\/p>\n\n\n\n<p class=\"has-black-color has-text-color has-link-color wp-elements-6b70683fec8e858cb7ec4f044f01b0d1\" style=\"font-size:20px\">Sie gilt f\u00fcr einen festen Zeitraum und wird deshalb in Tageskarte, Wochenkarte, Jahreskarte oder Saisonkarte unterteilt.<\/p>\n\n\n\n<p><\/p>\n","protected":false},"excerpt":{"rendered":"<p>Fischereischein \/ Angelschein Wer die Fischerei aus\u00fcben m\u00f6chte, ben\u00f6tigt einen Fischereischein. Voraussetzung ist die erfolgreich [&hellip;]<\/p>\n","protected":false},"author":5,"featured_media":0,"parent":0,"menu_order":0,"comment_status":"closed","ping_status":"closed","template":"","meta":{"footnotes":""},"class_list":["post-3007","page","type-page","status-publish","hentry"],"_links":{"self":[{"href":"https:\/\/www.asv-schierstein.de\/index.php?rest_route=\/wp\/v2\/pages\/3007","targetHints":{"allow":["GET"]}}],"collection":[{"href":"https:\/\/www.asv-schierstein.de\/index.php?rest_route=\/wp\/v2\/pages"}],"about":[{"href":"https:\/\/www.asv-schierstein.de\/index.php?rest_route=\/wp\/v2\/types\/page"}],"author":[{"embeddable":true,"href":"https:\/\/www.asv-schierstein.de\/index.php?rest_route=\/wp\/v2\/users\/5"}],"replies":[{"embeddable":true,"href":"https:\/\/www.asv-schierstein.de\/index.php?rest_route=%2Fwp%2Fv2%2Fcomments&post=3007"}],"version-history":[{"count":7,"href":"https:\/\/www.asv-schierstein.de\/index.php?rest_route=\/wp\/v2\/pages\/3007\/revisions"}],"predecessor-version":[{"id":3055,"href":"https:\/\/www.asv-schierstein.de\/index.php?rest_route=\/wp\/v2\/pages\/3007\/revisions\/3055"}],"wp:attachment":[{"href":"https:\/\/www.asv-schierstein.de\/index.php?rest_route=%2Fwp%2Fv2%2Fmedia&parent=3007"}],"curies":[{"name":"wp","href":"https:\/\/api.w.org\/{rel}","templated":true}]}}