{"id":3050,"date":"2026-03-16T07:43:45","date_gmt":"2026-03-16T05:43:45","guid":{"rendered":"https:\/\/www.asv-schierstein.de\/?page_id=3050"},"modified":"2026-03-16T07:43:48","modified_gmt":"2026-03-16T05:43:48","slug":"erfolgreiche-jugendarbeit-im-angelverein","status":"publish","type":"page","link":"https:\/\/www.asv-schierstein.de\/?page_id=3050","title":{"rendered":"Erfolgreiche Jugendarbeit im Angelverein"},"content":{"rendered":"\n<p class=\"has-black-color has-text-color has-link-color wp-elements-75dca9381a7bf4c9df48af73f87d3475\" style=\"font-size:20px\">Mit gro\u00dfer Freude haben die Kids bereits viel erleben d\u00fcrfen und auch ebenso viel gelernt. Durch den tollen Eindruck und Resonanz den die Jungangler hinterlassen haben, wollen sich zum diesj\u00e4hrigen Catch&amp;Clean Day auch Gruppen und Angler aus anderen Bundesl\u00e4ndern der ASV- Jugendtruppe anschlie\u00dfen. Der Catch&amp;Clean Day ist eine bundesweite Aktion, bei der Angler zusammen Gew\u00e4sser und Ufer von M\u00fcll und Unrat befreien und damit einen wichtigen Beitrag zum Natur- und Umweltschutz leisten. Eine tolle Sache, bei der die Schiersteiner Angler nat\u00fcrlich dabei sind.<\/p>\n\n\n\n<p class=\"has-black-color has-text-color has-link-color wp-elements-022f8205b18a6d31aa7ec884a0208514\" style=\"font-size:20px\">Kinder und Jugendliche, die gerne in unsere Jugendgruppe reinschnuppern m\u00f6chten, sind jederzeit herzlich willkommen. Die Schnupperangler k\u00f6nnen an allen Veranstaltungen der Jugendgruppe teilnehmen. Bedingung f\u00fcr die Teilnahme sind einzig eine Einverst\u00e4ndniserkl\u00e4rung der Eltern, sowie der Nachweis das die Teilnehmer schwimmen k\u00f6nnen.<\/p>\n\n\n\n<p class=\"has-black-color has-text-color has-link-color wp-elements-d5c7c1aac2a899616361b485be49ef28\" style=\"font-size:20px\">Melde Dich einfach bei unserem Jugendleiter Billy unter Tel. 0176 60938381 oder interlasse eine Nachricht. Nutze dazu das Kontaktformular auf unserer Website www.asv-schierstein.de<\/p>\n\n\n\n<p class=\"has-black-color has-text-color has-link-color wp-elements-66fd6196e7c492ae91802a5e65624322\" style=\"font-size:20px\">Du bist herzlich willkommen!<\/p>\n\n\n\n<p class=\"has-black-color has-text-color has-link-color wp-elements-2dfce4f97098a67c56584fae5719d2ed\" style=\"font-size:20px\">Jens Bilstein ,,Billy\u2018\u2018<\/p>\n\n\n\n<figure class=\"wp-block-image size-large is-resized\"><a href=\"http:\/\/www.asv-schierstein.de\/wordpress\/wp-content\/uploads\/2024\/06\/IMG-20240324-WA0001.jpg\"><img loading=\"lazy\" decoding=\"async\" width=\"1024\" height=\"768\" src=\"http:\/\/www.asv-schierstein.de\/wordpress\/wp-content\/uploads\/2024\/06\/IMG-20240324-WA0001-1024x768.jpg\" alt=\"\" class=\"wp-image-1767\" style=\"width:731px;height:auto\" srcset=\"https:\/\/www.asv-schierstein.de\/wp-content\/uploads\/2024\/06\/IMG-20240324-WA0001-1024x768.jpg 1024w, https:\/\/www.asv-schierstein.de\/wp-content\/uploads\/2024\/06\/IMG-20240324-WA0001-300x225.jpg 300w, https:\/\/www.asv-schierstein.de\/wp-content\/uploads\/2024\/06\/IMG-20240324-WA0001-768x576.jpg 768w, https:\/\/www.asv-schierstein.de\/wp-content\/uploads\/2024\/06\/IMG-20240324-WA0001-1536x1152.jpg 1536w, https:\/\/www.asv-schierstein.de\/wp-content\/uploads\/2024\/06\/IMG-20240324-WA0001-624x468.jpg 624w, https:\/\/www.asv-schierstein.de\/wp-content\/uploads\/2024\/06\/IMG-20240324-WA0001.jpg 2000w\" sizes=\"auto, (max-width: 1024px) 100vw, 1024px\" \/><\/a><\/figure>\n\n\n\n<figure class=\"wp-block-image size-large is-resized\"><a href=\"http:\/\/www.asv-schierstein.de\/wordpress\/wp-content\/uploads\/2024\/06\/ASV-Jugend.jpg\"><img loading=\"lazy\" decoding=\"async\" width=\"1024\" height=\"768\" src=\"http:\/\/www.asv-schierstein.de\/wordpress\/wp-content\/uploads\/2024\/06\/ASV-Jugend-1024x768.jpg\" alt=\"\" class=\"wp-image-1768\" style=\"width:677px;height:auto\" srcset=\"https:\/\/www.asv-schierstein.de\/wp-content\/uploads\/2024\/06\/ASV-Jugend-1024x768.jpg 1024w, https:\/\/www.asv-schierstein.de\/wp-content\/uploads\/2024\/06\/ASV-Jugend-300x225.jpg 300w, https:\/\/www.asv-schierstein.de\/wp-content\/uploads\/2024\/06\/ASV-Jugend-768x576.jpg 768w, https:\/\/www.asv-schierstein.de\/wp-content\/uploads\/2024\/06\/ASV-Jugend-624x468.jpg 624w, https:\/\/www.asv-schierstein.de\/wp-content\/uploads\/2024\/06\/ASV-Jugend.jpg 1280w\" sizes=\"auto, (max-width: 1024px) 100vw, 1024px\" \/><\/a><\/figure>\n\n\n\n<figure class=\"wp-block-image size-large is-resized\"><a href=\"http:\/\/www.asv-schierstein.de\/wordpress\/wp-content\/uploads\/2024\/06\/Jugend-2024.jpg\"><img loading=\"lazy\" decoding=\"async\" width=\"1024\" height=\"768\" src=\"http:\/\/www.asv-schierstein.de\/wordpress\/wp-content\/uploads\/2024\/06\/Jugend-2024-1024x768.jpg\" alt=\"\" class=\"wp-image-1770\" style=\"width:623px;height:auto\" srcset=\"https:\/\/www.asv-schierstein.de\/wp-content\/uploads\/2024\/06\/Jugend-2024-1024x768.jpg 1024w, https:\/\/www.asv-schierstein.de\/wp-content\/uploads\/2024\/06\/Jugend-2024-300x225.jpg 300w, https:\/\/www.asv-schierstein.de\/wp-content\/uploads\/2024\/06\/Jugend-2024-768x576.jpg 768w, https:\/\/www.asv-schierstein.de\/wp-content\/uploads\/2024\/06\/Jugend-2024-1536x1152.jpg 1536w, https:\/\/www.asv-schierstein.de\/wp-content\/uploads\/2024\/06\/Jugend-2024-624x468.jpg 624w, https:\/\/www.asv-schierstein.de\/wp-content\/uploads\/2024\/06\/Jugend-2024.jpg 2000w\" sizes=\"auto, (max-width: 1024px) 100vw, 1024px\" \/><\/a><\/figure>\n","protected":false},"excerpt":{"rendered":"<p>Mit gro\u00dfer Freude haben die Kids bereits viel erleben d\u00fcrfen und auch ebenso viel gelernt. [&hellip;]<\/p>\n","protected":false},"author":5,"featured_media":0,"parent":0,"menu_order":0,"comment_status":"closed","ping_status":"closed","template":"","meta":{"footnotes":""},"class_list":["post-3050","page","type-page","status-publish","hentry"],"_links":{"self":[{"href":"https:\/\/www.asv-schierstein.de\/index.php?rest_route=\/wp\/v2\/pages\/3050","targetHints":{"allow":["GET"]}}],"collection":[{"href":"https:\/\/www.asv-schierstein.de\/index.php?rest_route=\/wp\/v2\/pages"}],"about":[{"href":"https:\/\/www.asv-schierstein.de\/index.php?rest_route=\/wp\/v2\/types\/page"}],"author":[{"embeddable":true,"href":"https:\/\/www.asv-schierstein.de\/index.php?rest_route=\/wp\/v2\/users\/5"}],"replies":[{"embeddable":true,"href":"https:\/\/www.asv-schierstein.de\/index.php?rest_route=%2Fwp%2Fv2%2Fcomments&post=3050"}],"version-history":[{"count":1,"href":"https:\/\/www.asv-schierstein.de\/index.php?rest_route=\/wp\/v2\/pages\/3050\/revisions"}],"predecessor-version":[{"id":3053,"href":"https:\/\/www.asv-schierstein.de\/index.php?rest_route=\/wp\/v2\/pages\/3050\/revisions\/3053"}],"wp:attachment":[{"href":"https:\/\/www.asv-schierstein.de\/index.php?rest_route=%2Fwp%2Fv2%2Fmedia&parent=3050"}],"curies":[{"name":"wp","href":"https:\/\/api.w.org\/{rel}","templated":true}]}}